{"id":10,"date":"2023-05-31T10:09:34","date_gmt":"2023-05-31T08:09:34","guid":{"rendered":"https:\/\/hme-reseaux.fr\/?page_id=10"},"modified":"2026-03-24T12:50:09","modified_gmt":"2026-03-24T11:50:09","slug":"hme-reseaux","status":"publish","type":"page","link":"https:\/\/hme-reseaux.fr\/","title":{"rendered":"HME R\u00c9SEAUX"},"content":{"rendered":"\n<p><strong>HME R\u00e9seaux<\/strong> a su faire sa place depuis 2017 gr\u00e2ce au savoir-faire de ses techniciens, une implication exemplaire avec des retours travaux de qualit\u00e9 m\u00eame, dans certaines conditions difficiles sur <strong>toute la m\u00e9tropole Bordelaise ainsi que sur le Grand Cubzaguais<\/strong>.<\/p>\n\n\n\n<p>Nous avons \u0153uvr\u00e9 dans divers projets de<strong> d\u00e9ploiement de fibres <\/strong>pour tout op\u00e9rateur dans diverses  missions : <strong>FTTH, FTTO, FTTA, r\u00e9seaux de chaleur (PGE ), liaison Tram bus (Bayonne), am\u00e9lioration du r\u00e9seau au Port Autonome de Bordeaux,  connectivit\u00e9 des villes (Gu\u00e9ret)<\/strong>, <strong>vid\u00e9o surveillance<\/strong>\u2026<\/p>\n\n\n\n<p><strong>HME R\u00e9seaux<\/strong> est devenu un prestataire indispensable qui a un point d&rsquo;orgue : satisfaire toujours plus l&rsquo;attente de ses clients.<br> Pour Compl\u00e9menter notre savoir faire, une branche <strong>G\u00e9nie Civil (GC)<\/strong> \/ <strong>Voirie et R\u00e9seaux Divers (VRD)<\/strong> a \u00e9t\u00e9 cr\u00e9e il y a 5 ans pour la r\u00e9alisation de <strong>pose de chambres<\/strong>, <strong>r\u00e9paration de conduites<\/strong>, <strong>Fon\u00e7age<\/strong>, <strong>pose de massifs<\/strong>, <strong>r\u00e9alisation de dalles par coffrage<\/strong>, <strong>ma\u00e7onnerie g\u00e9n\u00e9rale<\/strong>. <\/p>\n\n\n\n<p>Notre branche <strong>\u00e9lectricit\u00e9 g\u00e9n\u00e9rale<\/strong> \u00e9volue et dispose des <strong>formations IRVE P1 P2 P3 <\/strong>et habilitation <strong>QUALIFELEC<\/strong> pour devenir <strong>installateur DE BORNES DE RECHARGES pour V\u00e9hicules \u00e9lectrique<strong> certifi\u00e9<\/strong> sur Bordeaux et sa p\u00e9riph\u00e9rie<\/strong><\/p>\n\n\n\n<p><\/p>\n\n\n\n<p><\/p>\n","protected":false},"excerpt":{"rendered":"<p>HME R\u00e9seaux a su faire sa place depuis 2017 gr\u00e2ce au savoir-faire de ses techniciens, une implication exemplaire avec des retours travaux de qualit\u00e9 m\u00eame, dans certaines conditions difficiles sur toute la m\u00e9tropole Bordelaise ainsi que sur le Grand Cubzaguais. Nous avons \u0153uvr\u00e9 dans divers projets de d\u00e9ploiement de fibres [&hellip;]<\/p>\n","protected":false},"author":2,"featured_media":0,"parent":0,"menu_order":0,"comment_status":"closed","ping_status":"closed","template":"","meta":{"footnotes":""},"class_list":["post-10","page","type-page","status-publish","hentry"],"yoast_head":"<!-- This site is optimized with the Yoast SEO plugin v27.2 - https:\/\/yoast.com\/product\/yoast-seo-wordpress\/ -->\n<title>HME R\u00c9SEAUX - HME R\u00e9seaux<\/title>\n<meta name=\"description\" content=\"HME RESEAUX : Fibre optique , G\u00e9nie civil - TP - ma\u00e7onnerie, Electricit\u00e9 habilit\u00e9 IRVE pour bornes de recharges de v\u00e9hicules \u00e9lectrique P1-P2-P3 + Qualifalec .\" \/>\n<meta name=\"robots\" content=\"index, follow, max-snippet:-1, max-image-preview:large, max-video-preview:-1\" \/>\n<link rel=\"canonical\" href=\"https:\/\/hme-reseaux.fr\/\" \/>\n<meta property=\"og:locale\" content=\"fr_FR\" \/>\n<meta property=\"og:type\" content=\"article\" \/>\n<meta property=\"og:title\" content=\"HME R\u00c9SEAUX - HME R\u00e9seaux\" \/>\n<meta property=\"og:description\" content=\"HME RESEAUX : Fibre optique , G\u00e9nie civil - TP - ma\u00e7onnerie, Electricit\u00e9 habilit\u00e9 IRVE pour bornes de recharges de v\u00e9hicules \u00e9lectrique P1-P2-P3 + Qualifalec .\" \/>\n<meta property=\"og:url\" content=\"https:\/\/hme-reseaux.fr\/\" \/>\n<meta property=\"og:site_name\" content=\"HME R\u00e9seaux\" \/>\n<meta property=\"article:modified_time\" content=\"2026-03-24T11:50:09+00:00\" \/>\n<meta name=\"twitter:card\" content=\"summary_large_image\" \/>\n<meta name=\"twitter:label1\" content=\"Dur\u00e9e de lecture estim\u00e9e\" \/>\n\t<meta name=\"twitter:data1\" content=\"1 minute\" \/>\n<script type=\"application\/ld+json\" class=\"yoast-schema-graph\">{\"@context\":\"https:\/\/schema.org\",\"@graph\":[{\"@type\":\"NewsArticle\",\"@id\":\"https:\/\/hme-reseaux.fr\/#article\",\"isPartOf\":{\"@id\":\"https:\/\/hme-reseaux.fr\/\"},\"author\":{\"name\":\"Dracko Web\",\"@id\":\"https:\/\/hme-reseaux.fr\/#\/schema\/person\/7e3e095c2de7a33c0d459b74d9398abc\"},\"headline\":\"HME R\u00c9SEAUX\",\"datePublished\":\"2023-05-31T08:09:34+00:00\",\"dateModified\":\"2026-03-24T11:50:09+00:00\",\"mainEntityOfPage\":{\"@id\":\"https:\/\/hme-reseaux.fr\/\"},\"wordCount\":205,\"publisher\":{\"@id\":\"https:\/\/hme-reseaux.fr\/#organization\"},\"inLanguage\":\"fr-FR\"},{\"@type\":\"WebPage\",\"@id\":\"https:\/\/hme-reseaux.fr\/\",\"url\":\"https:\/\/hme-reseaux.fr\/\",\"name\":\"HME R\u00c9SEAUX - HME R\u00e9seaux\",\"isPartOf\":{\"@id\":\"https:\/\/hme-reseaux.fr\/#website\"},\"datePublished\":\"2023-05-31T08:09:34+00:00\",\"dateModified\":\"2026-03-24T11:50:09+00:00\",\"description\":\"HME RESEAUX : Fibre optique , G\u00e9nie civil - TP - ma\u00e7onnerie, Electricit\u00e9 habilit\u00e9 IRVE pour bornes de recharges de v\u00e9hicules \u00e9lectrique P1-P2-P3 + Qualifalec .\",\"breadcrumb\":{\"@id\":\"https:\/\/hme-reseaux.fr\/#breadcrumb\"},\"inLanguage\":\"fr-FR\",\"potentialAction\":[{\"@type\":\"ReadAction\",\"target\":[\"https:\/\/hme-reseaux.fr\/\"]}]},{\"@type\":\"BreadcrumbList\",\"@id\":\"https:\/\/hme-reseaux.fr\/#breadcrumb\",\"itemListElement\":[{\"@type\":\"ListItem\",\"position\":1,\"name\":\"Accueil\",\"item\":\"https:\/\/hme-reseaux.fr\/\"},{\"@type\":\"ListItem\",\"position\":2,\"name\":\"HME R\u00c9SEAUX\"}]},{\"@type\":\"WebSite\",\"@id\":\"https:\/\/hme-reseaux.fr\/#website\",\"url\":\"https:\/\/hme-reseaux.fr\/\",\"name\":\"HME R\u00e9seaux\",\"description\":\"\",\"publisher\":{\"@id\":\"https:\/\/hme-reseaux.fr\/#organization\"},\"potentialAction\":[{\"@type\":\"SearchAction\",\"target\":{\"@type\":\"EntryPoint\",\"urlTemplate\":\"https:\/\/hme-reseaux.fr\/?s={search_term_string}\"},\"query-input\":{\"@type\":\"PropertyValueSpecification\",\"valueRequired\":true,\"valueName\":\"search_term_string\"}}],\"inLanguage\":\"fr-FR\"},{\"@type\":\"Organization\",\"@id\":\"https:\/\/hme-reseaux.fr\/#organization\",\"name\":\"HME R\u00e9seaux\",\"url\":\"https:\/\/hme-reseaux.fr\/\",\"logo\":{\"@type\":\"ImageObject\",\"inLanguage\":\"fr-FR\",\"@id\":\"https:\/\/hme-reseaux.fr\/#\/schema\/logo\/image\/\",\"url\":\"https:\/\/hme-reseaux.fr\/wp-content\/uploads\/2023\/05\/cropped-400dpiLogoCropped-removebg-preview.png\",\"contentUrl\":\"https:\/\/hme-reseaux.fr\/wp-content\/uploads\/2023\/05\/cropped-400dpiLogoCropped-removebg-preview.png\",\"width\":730,\"height\":342,\"caption\":\"HME R\u00e9seaux\"},\"image\":{\"@id\":\"https:\/\/hme-reseaux.fr\/#\/schema\/logo\/image\/\"}},{\"@type\":\"Person\",\"@id\":\"https:\/\/hme-reseaux.fr\/#\/schema\/person\/7e3e095c2de7a33c0d459b74d9398abc\",\"name\":\"Dracko Web\",\"image\":{\"@type\":\"ImageObject\",\"inLanguage\":\"fr-FR\",\"@id\":\"https:\/\/secure.gravatar.com\/avatar\/ed2a00f0b64dcea84bddfaa347fe4b2f2fcc748958414a54e24cbb2d6fc2a710?s=96&d=mm&r=g\",\"url\":\"https:\/\/secure.gravatar.com\/avatar\/ed2a00f0b64dcea84bddfaa347fe4b2f2fcc748958414a54e24cbb2d6fc2a710?s=96&d=mm&r=g\",\"contentUrl\":\"https:\/\/secure.gravatar.com\/avatar\/ed2a00f0b64dcea84bddfaa347fe4b2f2fcc748958414a54e24cbb2d6fc2a710?s=96&d=mm&r=g\",\"caption\":\"Dracko Web\"},\"url\":\"https:\/\/hme-reseaux.fr\/index.php\/author\/dracko-web\/\"}]}<\/script>\n<!-- \/ Yoast SEO plugin. -->","yoast_head_json":{"title":"HME R\u00c9SEAUX - HME R\u00e9seaux","description":"HME RESEAUX : Fibre optique , G\u00e9nie civil - TP - ma\u00e7onnerie, Electricit\u00e9 habilit\u00e9 IRVE pour bornes de recharges de v\u00e9hicules \u00e9lectrique P1-P2-P3 + Qualifalec .","robots":{"index":"index","follow":"follow","max-snippet":"max-snippet:-1","max-image-preview":"max-image-preview:large","max-video-preview":"max-video-preview:-1"},"canonical":"https:\/\/hme-reseaux.fr\/","og_locale":"fr_FR","og_type":"article","og_title":"HME R\u00c9SEAUX - HME R\u00e9seaux","og_description":"HME RESEAUX : Fibre optique , G\u00e9nie civil - TP - ma\u00e7onnerie, Electricit\u00e9 habilit\u00e9 IRVE pour bornes de recharges de v\u00e9hicules \u00e9lectrique P1-P2-P3 + Qualifalec .","og_url":"https:\/\/hme-reseaux.fr\/","og_site_name":"HME R\u00e9seaux","article_modified_time":"2026-03-24T11:50:09+00:00","twitter_card":"summary_large_image","twitter_misc":{"Dur\u00e9e de lecture estim\u00e9e":"1 minute"},"schema":{"@context":"https:\/\/schema.org","@graph":[{"@type":"NewsArticle","@id":"https:\/\/hme-reseaux.fr\/#article","isPartOf":{"@id":"https:\/\/hme-reseaux.fr\/"},"author":{"name":"Dracko Web","@id":"https:\/\/hme-reseaux.fr\/#\/schema\/person\/7e3e095c2de7a33c0d459b74d9398abc"},"headline":"HME R\u00c9SEAUX","datePublished":"2023-05-31T08:09:34+00:00","dateModified":"2026-03-24T11:50:09+00:00","mainEntityOfPage":{"@id":"https:\/\/hme-reseaux.fr\/"},"wordCount":205,"publisher":{"@id":"https:\/\/hme-reseaux.fr\/#organization"},"inLanguage":"fr-FR"},{"@type":"WebPage","@id":"https:\/\/hme-reseaux.fr\/","url":"https:\/\/hme-reseaux.fr\/","name":"HME R\u00c9SEAUX - HME R\u00e9seaux","isPartOf":{"@id":"https:\/\/hme-reseaux.fr\/#website"},"datePublished":"2023-05-31T08:09:34+00:00","dateModified":"2026-03-24T11:50:09+00:00","description":"HME RESEAUX : Fibre optique , G\u00e9nie civil - TP - ma\u00e7onnerie, Electricit\u00e9 habilit\u00e9 IRVE pour bornes de recharges de v\u00e9hicules \u00e9lectrique P1-P2-P3 + Qualifalec .","breadcrumb":{"@id":"https:\/\/hme-reseaux.fr\/#breadcrumb"},"inLanguage":"fr-FR","potentialAction":[{"@type":"ReadAction","target":["https:\/\/hme-reseaux.fr\/"]}]},{"@type":"BreadcrumbList","@id":"https:\/\/hme-reseaux.fr\/#breadcrumb","itemListElement":[{"@type":"ListItem","position":1,"name":"Accueil","item":"https:\/\/hme-reseaux.fr\/"},{"@type":"ListItem","position":2,"name":"HME R\u00c9SEAUX"}]},{"@type":"WebSite","@id":"https:\/\/hme-reseaux.fr\/#website","url":"https:\/\/hme-reseaux.fr\/","name":"HME R\u00e9seaux","description":"","publisher":{"@id":"https:\/\/hme-reseaux.fr\/#organization"},"potentialAction":[{"@type":"SearchAction","target":{"@type":"EntryPoint","urlTemplate":"https:\/\/hme-reseaux.fr\/?s={search_term_string}"},"query-input":{"@type":"PropertyValueSpecification","valueRequired":true,"valueName":"search_term_string"}}],"inLanguage":"fr-FR"},{"@type":"Organization","@id":"https:\/\/hme-reseaux.fr\/#organization","name":"HME R\u00e9seaux","url":"https:\/\/hme-reseaux.fr\/","logo":{"@type":"ImageObject","inLanguage":"fr-FR","@id":"https:\/\/hme-reseaux.fr\/#\/schema\/logo\/image\/","url":"https:\/\/hme-reseaux.fr\/wp-content\/uploads\/2023\/05\/cropped-400dpiLogoCropped-removebg-preview.png","contentUrl":"https:\/\/hme-reseaux.fr\/wp-content\/uploads\/2023\/05\/cropped-400dpiLogoCropped-removebg-preview.png","width":730,"height":342,"caption":"HME R\u00e9seaux"},"image":{"@id":"https:\/\/hme-reseaux.fr\/#\/schema\/logo\/image\/"}},{"@type":"Person","@id":"https:\/\/hme-reseaux.fr\/#\/schema\/person\/7e3e095c2de7a33c0d459b74d9398abc","name":"Dracko Web","image":{"@type":"ImageObject","inLanguage":"fr-FR","@id":"https:\/\/secure.gravatar.com\/avatar\/ed2a00f0b64dcea84bddfaa347fe4b2f2fcc748958414a54e24cbb2d6fc2a710?s=96&d=mm&r=g","url":"https:\/\/secure.gravatar.com\/avatar\/ed2a00f0b64dcea84bddfaa347fe4b2f2fcc748958414a54e24cbb2d6fc2a710?s=96&d=mm&r=g","contentUrl":"https:\/\/secure.gravatar.com\/avatar\/ed2a00f0b64dcea84bddfaa347fe4b2f2fcc748958414a54e24cbb2d6fc2a710?s=96&d=mm&r=g","caption":"Dracko Web"},"url":"https:\/\/hme-reseaux.fr\/index.php\/author\/dracko-web\/"}]}},"_links":{"self":[{"href":"https:\/\/hme-reseaux.fr\/index.php\/wp-json\/wp\/v2\/pages\/10","targetHints":{"allow":["GET"]}}],"collection":[{"href":"https:\/\/hme-reseaux.fr\/index.php\/wp-json\/wp\/v2\/pages"}],"about":[{"href":"https:\/\/hme-reseaux.fr\/index.php\/wp-json\/wp\/v2\/types\/page"}],"author":[{"embeddable":true,"href":"https:\/\/hme-reseaux.fr\/index.php\/wp-json\/wp\/v2\/users\/2"}],"replies":[{"embeddable":true,"href":"https:\/\/hme-reseaux.fr\/index.php\/wp-json\/wp\/v2\/comments?post=10"}],"version-history":[{"count":18,"href":"https:\/\/hme-reseaux.fr\/index.php\/wp-json\/wp\/v2\/pages\/10\/revisions"}],"predecessor-version":[{"id":535,"href":"https:\/\/hme-reseaux.fr\/index.php\/wp-json\/wp\/v2\/pages\/10\/revisions\/535"}],"wp:attachment":[{"href":"https:\/\/hme-reseaux.fr\/index.php\/wp-json\/wp\/v2\/media?parent=10"}],"curies":[{"name":"wp","href":"https:\/\/api.w.org\/{rel}","templated":true}]}}